{"id":784,"date":"2021-09-01T09:19:06","date_gmt":"2021-09-01T09:19:06","guid":{"rendered":"https:\/\/adorferfrauen.de\/?page_id=784"},"modified":"2025-12-07T12:50:40","modified_gmt":"2025-12-07T12:50:40","slug":"gespraech-und-lesung","status":"publish","type":"page","link":"https:\/\/adorferfrauen.de\/?page_id=784","title":{"rendered":"Aktuelles"},"content":{"rendered":"\n<p class=\"has-medium-font-size\"><strong>Lob der Arbeit unter dem Regenschirm<\/strong><\/p>\n\n\n\n<figure class=\"wp-block-image size-large\"><img loading=\"lazy\" decoding=\"async\" width=\"1024\" height=\"672\" src=\"https:\/\/adorferfrauen.de\/wp-content\/uploads\/2025\/09\/lob_zwarg_17.09.2025_FP_web-1024x672.jpg\" alt=\"\" class=\"wp-image-1690\" srcset=\"https:\/\/adorferfrauen.de\/wp-content\/uploads\/2025\/09\/lob_zwarg_17.09.2025_FP_web-1024x672.jpg 1024w, https:\/\/adorferfrauen.de\/wp-content\/uploads\/2025\/09\/lob_zwarg_17.09.2025_FP_web-300x197.jpg 300w, https:\/\/adorferfrauen.de\/wp-content\/uploads\/2025\/09\/lob_zwarg_17.09.2025_FP_web-150x98.jpg 150w, https:\/\/adorferfrauen.de\/wp-content\/uploads\/2025\/09\/lob_zwarg_17.09.2025_FP_web-768x504.jpg 768w, https:\/\/adorferfrauen.de\/wp-content\/uploads\/2025\/09\/lob_zwarg_17.09.2025_FP_web-1200x787.jpg 1200w, https:\/\/adorferfrauen.de\/wp-content\/uploads\/2025\/09\/lob_zwarg_17.09.2025_FP_web.jpg 1300w\" sizes=\"auto, (max-width: 709px) 85vw, (max-width: 909px) 67vw, (max-width: 1362px) 62vw, 840px\" \/><figcaption class=\"wp-element-caption\">Matthias Zwarg \/ Freie Presse \/ 17.09.2025<\/figcaption><\/figure>\n\n\n\n<div style=\"height:30px\" aria-hidden=\"true\" class=\"wp-block-spacer\"><\/div>\n\n\n\n<p class=\"has-medium-font-size\"><strong>Differenz und Wiederholung<\/strong><\/p>\n\n\n\n<figure class=\"wp-block-image size-large\"><img loading=\"lazy\" decoding=\"async\" width=\"875\" height=\"1024\" src=\"https:\/\/adorferfrauen.de\/wp-content\/uploads\/2025\/09\/differenz_wiederholung_brinkmann_web-875x1024.jpg\" alt=\"\" class=\"wp-image-1687\" srcset=\"https:\/\/adorferfrauen.de\/wp-content\/uploads\/2025\/09\/differenz_wiederholung_brinkmann_web-875x1024.jpg 875w, https:\/\/adorferfrauen.de\/wp-content\/uploads\/2025\/09\/differenz_wiederholung_brinkmann_web-256x300.jpg 256w, https:\/\/adorferfrauen.de\/wp-content\/uploads\/2025\/09\/differenz_wiederholung_brinkmann_web-128x150.jpg 128w, https:\/\/adorferfrauen.de\/wp-content\/uploads\/2025\/09\/differenz_wiederholung_brinkmann_web-768x899.jpg 768w, https:\/\/adorferfrauen.de\/wp-content\/uploads\/2025\/09\/differenz_wiederholung_brinkmann_web-1200x1405.jpg 1200w, https:\/\/adorferfrauen.de\/wp-content\/uploads\/2025\/09\/differenz_wiederholung_brinkmann_web.jpg 1300w\" sizes=\"auto, (max-width: 709px) 85vw, (max-width: 909px) 67vw, (max-width: 1362px) 62vw, 840px\" \/><figcaption class=\"wp-element-caption\">Hans Brinkmann \/ Stadtstreicher Chemnitz <em>\/<\/em> September 2025; Fotos: Lysann N\u00e9meth<\/figcaption><\/figure>\n\n\n\n<div style=\"height:30px\" aria-hidden=\"true\" class=\"wp-block-spacer\"><\/div>\n\n\n\n<p class=\"has-medium-font-size\"><strong>Endkontrolle &#8211; Geschichten aus der einzigen Schirmfabrik der DDR mit Lysann N\u00e9meth<\/strong>, <a href=\"https:\/\/www.freie-radios.net\/137179\" target=\"_blank\" rel=\"noreferrer noopener\">Beitrag<strong> <\/strong><\/a>von Friederike Teller f\u00fcr Radio T, 08.08.2025<\/p>\n\n\n\n<div style=\"height:30px\" aria-hidden=\"true\" class=\"wp-block-spacer\"><\/div>\n\n\n\n<p class=\"has-medium-font-size\"><strong>Sachbuch der Woche auf MDR Kultur<\/strong>, Buchbesprechung von Eva Gaeding f\u00fcr MDR Kultur, 26.03.2025<\/p>\n\n\n\n<figure class=\"wp-block-audio\"><audio controls src=\"https:\/\/adorferfrauen.de\/wp-content\/uploads\/2025\/03\/Endkontrolle-MDR-Kultur.mp3\"><\/audio><figcaption class=\"wp-element-caption\"> \u00a9 MDR Kultur, 26.03.2025<\/figcaption><\/figure>\n\n\n\n<blockquote class=\"wp-block-quote is-layout-flow wp-block-quote-is-layout-flow\">\n<p style=\"font-size:17px\"><em>08:40 Uhr &#8211; Sachbuch der Woche: Lysann Nemeth &#8222;Endkontrolle&#8220;<br>&#8222;See the unseen&#8220; &#8211; also, frei \u00fcbersetzt, &#8222;Entdecke das Unentdeckte&#8220;, ist das Motto des Kulturhauptstadt-Jahres 2025 in Chemnitz. Das Buch &#8222;Endkontrolle&#8220; aus dem Verlag Trottoir Noir erm\u00f6glicht solch eine Entdeckung. Denn darin begibt sich die Chemnitzer K\u00fcnstlerin Lysann N\u00e9meth auf die Spur der einzigen Schirmfabrik der DDR, dem VEB Schirmfabrik Karl-Marx-Stadt. Die hatte auch im Erzgebirgischen Adorf einen Standort. Eva Gaeding stellt unser Sachbuch der Woche vor, es hei\u00dft: &#8222;Endkontrolle. \u00dcber die Arbeit der Frauen in der Schirmfabrik Adorf&#8220;.<\/em> (zitiert nach: <a href=\"https:\/\/www.mdr.de\/kultur\/radio\/ipg\/sendung-1011450.html\" target=\"_blank\" rel=\"noreferrer noopener\">MDR-Kultur, 26.03.2025<\/a>)<br><\/p>\n<\/blockquote>\n\n\n\n<div style=\"height:30px\" aria-hidden=\"true\" class=\"wp-block-spacer\"><\/div>\n\n\n\n<p class=\"has-medium-font-size\"><strong>Adorfer Regenschirme, die Leben pr\u00e4gten&#8230;<\/strong> <sup>1*<\/sup><\/p>\n\n\n\n<div class=\"wp-block-columns is-layout-flex wp-container-core-columns-is-layout-9d6595d7 wp-block-columns-is-layout-flex\">\n<div class=\"wp-block-column is-layout-flow wp-block-column-is-layout-flow\" style=\"flex-basis:100%\">\n<figure class=\"wp-block-image size-large\"><img loading=\"lazy\" decoding=\"async\" width=\"819\" height=\"1024\" src=\"https:\/\/adorferfrauen.de\/wp-content\/uploads\/2025\/02\/Artikel_FP_19.02.2025_2-819x1024.jpg\" alt=\"\" class=\"wp-image-1641\" srcset=\"https:\/\/adorferfrauen.de\/wp-content\/uploads\/2025\/02\/Artikel_FP_19.02.2025_2-819x1024.jpg 819w, https:\/\/adorferfrauen.de\/wp-content\/uploads\/2025\/02\/Artikel_FP_19.02.2025_2-240x300.jpg 240w, https:\/\/adorferfrauen.de\/wp-content\/uploads\/2025\/02\/Artikel_FP_19.02.2025_2-120x150.jpg 120w, https:\/\/adorferfrauen.de\/wp-content\/uploads\/2025\/02\/Artikel_FP_19.02.2025_2-768x960.jpg 768w, https:\/\/adorferfrauen.de\/wp-content\/uploads\/2025\/02\/Artikel_FP_19.02.2025_2-1229x1536.jpg 1229w, https:\/\/adorferfrauen.de\/wp-content\/uploads\/2025\/02\/Artikel_FP_19.02.2025_2-1639x2048.jpg 1639w, https:\/\/adorferfrauen.de\/wp-content\/uploads\/2025\/02\/Artikel_FP_19.02.2025_2-1200x1500.jpg 1200w, https:\/\/adorferfrauen.de\/wp-content\/uploads\/2025\/02\/Artikel_FP_19.02.2025_2-scaled.jpg 2048w\" sizes=\"auto, (max-width: 819px) 85vw, 819px\" \/><figcaption class=\"wp-element-caption\">Julia Grunwald \/ Freie Presse <em>\/<\/em> 19.02.2025<br>1* <em>Titel des digitalen Artikels<\/em>, der bereits am 15.02.2025 auf www.freiepresse.de erschienen ist<\/figcaption><\/figure>\n<\/div>\n<\/div>\n\n\n\n<div style=\"height:30px\" aria-hidden=\"true\" class=\"wp-block-spacer\"><\/div>\n\n\n\n<p><strong>Endkontrolle &#8211; Lysann N\u00e9meth<\/strong><br>\u00dcber die Arbeit der Frauen in der Schirmfabrik Adorf<\/p>\n\n\n\n<div class=\"wp-block-columns alignwide is-layout-flex wp-container-core-columns-is-layout-9d6595d7 wp-block-columns-is-layout-flex\">\n<div class=\"wp-block-column is-layout-flow wp-block-column-is-layout-flow\" style=\"flex-basis:50%\">\n<p style=\"font-size:17px\"><strong>Buchvorstellung und Lesung<\/strong><br><strong>17. Januar 2025, 17 Uhr, Gasthof Adorf (Erzg.)<\/strong><br><br>40 Millionen Regenschirme hat der VEB Schirmfabrik Karl-Marx-Stadt bis zu seiner Schlie\u00dfung 1991 produziert. In Chemnitz und Umgebung sind bis heute Einkaufsbeutel zu finden, die aus Stoffresten dieser Schirme gefertigt wurden. Ehemalige Adorfer Arbeiterinnen erz\u00e4hlen von Schirmherstellung und Sonderschichten, Kollektiv und Arbeitsalltag, Endkontrolle &#8211; und Abwicklung.<br><br><strong>Endkontrolle &#8211; \u00dcber die Arbeit der Frauen in der Schirmfabrik Adorf<\/strong> erscheint im Januar 2025 im Leipziger Verlag <a href=\"https:\/\/www.trottoirnoir.de\/\" target=\"_blank\" rel=\"noreferrer noopener\"><em>Trottoir Noir<\/em><\/a>. Es ist die Nummer 25 der Skizzenbuchreihe.<\/p>\n<\/div>\n\n\n\n<div class=\"wp-block-column is-layout-flow wp-block-column-is-layout-flow\" style=\"flex-basis:50%\">\n<div class=\"wp-block-columns is-layout-flex wp-container-core-columns-is-layout-9d6595d7 wp-block-columns-is-layout-flex\">\n<div class=\"wp-block-column is-vertically-aligned-top is-layout-flow wp-block-column-is-layout-flow\" style=\"flex-basis:100%\">\n<div class=\"wp-block-columns is-layout-flex wp-container-core-columns-is-layout-9d6595d7 wp-block-columns-is-layout-flex\">\n<div class=\"wp-block-column is-layout-flow wp-block-column-is-layout-flow\" style=\"flex-basis:100%\">\n<figure class=\"wp-block-image size-full\"><img loading=\"lazy\" decoding=\"async\" width=\"280\" height=\"395\" src=\"https:\/\/adorferfrauen.de\/wp-content\/uploads\/2024\/12\/LysannNemeth_Cover_web_klein.jpg\" alt=\"\" class=\"wp-image-1545\" srcset=\"https:\/\/adorferfrauen.de\/wp-content\/uploads\/2024\/12\/LysannNemeth_Cover_web_klein.jpg 280w, https:\/\/adorferfrauen.de\/wp-content\/uploads\/2024\/12\/LysannNemeth_Cover_web_klein-213x300.jpg 213w, https:\/\/adorferfrauen.de\/wp-content\/uploads\/2024\/12\/LysannNemeth_Cover_web_klein-106x150.jpg 106w\" sizes=\"auto, (max-width: 280px) 85vw, 280px\" \/><figcaption class=\"wp-element-caption\"><em>Buch wurde gef\u00f6rdert durch:<\/em><\/figcaption><\/figure>\n\n\n\n<div class=\"wp-block-group\"><div class=\"wp-block-group__inner-container is-layout-constrained wp-block-group-is-layout-constrained\">\n<figure class=\"wp-block-image size-full is-resized\"><img loading=\"lazy\" decoding=\"async\" width=\"850\" height=\"208\" src=\"https:\/\/adorferfrauen.de\/wp-content\/uploads\/2024\/12\/KDFS_LogoWappenText_2020_.jpg\" alt=\"\" class=\"wp-image-1553\" style=\"width:287px;height:auto\" srcset=\"https:\/\/adorferfrauen.de\/wp-content\/uploads\/2024\/12\/KDFS_LogoWappenText_2020_.jpg 850w, https:\/\/adorferfrauen.de\/wp-content\/uploads\/2024\/12\/KDFS_LogoWappenText_2020_-300x73.jpg 300w, https:\/\/adorferfrauen.de\/wp-content\/uploads\/2024\/12\/KDFS_LogoWappenText_2020_-150x37.jpg 150w, https:\/\/adorferfrauen.de\/wp-content\/uploads\/2024\/12\/KDFS_LogoWappenText_2020_-768x188.jpg 768w\" sizes=\"auto, (max-width: 709px) 85vw, (max-width: 909px) 67vw, (max-width: 1362px) 62vw, 840px\" \/><\/figure>\n\n\n\n<figure class=\"wp-block-image size-large is-resized\"><img loading=\"lazy\" decoding=\"async\" width=\"1024\" height=\"330\" src=\"https:\/\/adorferfrauen.de\/wp-content\/uploads\/2024\/12\/Logo_Chemnitz_1c_schwarz_Standard-1-1024x330.png\" alt=\"\" class=\"wp-image-1559\" style=\"width:176px;height:auto\" srcset=\"https:\/\/adorferfrauen.de\/wp-content\/uploads\/2024\/12\/Logo_Chemnitz_1c_schwarz_Standard-1-1024x330.png 1024w, https:\/\/adorferfrauen.de\/wp-content\/uploads\/2024\/12\/Logo_Chemnitz_1c_schwarz_Standard-1-300x97.png 300w, https:\/\/adorferfrauen.de\/wp-content\/uploads\/2024\/12\/Logo_Chemnitz_1c_schwarz_Standard-1-150x48.png 150w, https:\/\/adorferfrauen.de\/wp-content\/uploads\/2024\/12\/Logo_Chemnitz_1c_schwarz_Standard-1-768x248.png 768w, https:\/\/adorferfrauen.de\/wp-content\/uploads\/2024\/12\/Logo_Chemnitz_1c_schwarz_Standard-1-1200x387.png 1200w, https:\/\/adorferfrauen.de\/wp-content\/uploads\/2024\/12\/Logo_Chemnitz_1c_schwarz_Standard-1.png 1359w\" sizes=\"auto, (max-width: 709px) 85vw, (max-width: 909px) 67vw, (max-width: 1362px) 62vw, 840px\" \/><\/figure>\n<\/div><\/div>\n<\/div>\n<\/div>\n<\/div>\n<\/div>\n<\/div>\n<\/div>\n\n\n\n<div style=\"height:30px\" aria-hidden=\"true\" class=\"wp-block-spacer\"><\/div>\n\n\n\n<p class=\"has-medium-font-size\"><strong>Melange &#8211; Lysann N\u00e9meth<\/strong><\/p>\n\n\n\n<div class=\"wp-block-columns alignwide are-vertically-aligned-top is-layout-flex wp-container-core-columns-is-layout-9d6595d7 wp-block-columns-is-layout-flex\">\n<div class=\"wp-block-column is-layout-flow wp-block-column-is-layout-flow\" style=\"flex-basis:50%\">\n<p style=\"font-size:17px\"><em>Auf meinen Streifz\u00fcgen durch Archive, nach Adorf, \u00fcber den Wochenmarkt oder auf ebay finde ich Hinterlassenschaften und Spuren einer nicht mehr existierenden Schirmfabrik in Chemnitz. In der Ausstellung Melange zeige ich eine Auswahl von Zeichnungen aus den Werkgruppen Archivale und Konvolut und eine Installation mit Schirmdreiecken.<\/em><br><br><strong>Ausstellung 11.06. &#8211; 10.07.2022<br>Vernissage 11.06.2022, 18.30Uhr <\/strong><br><strong>Galerie Hinten I Chemnitz<\/strong><br>Augustusburger Str. 102<\/p>\n<\/div>\n\n\n\n<div class=\"wp-block-column is-layout-flow wp-block-column-is-layout-flow\" style=\"flex-basis:50%\">\n<figure class=\"wp-block-image\"><img loading=\"lazy\" decoding=\"async\" width=\"500\" height=\"360\" src=\"https:\/\/adorferfrauen.de\/wp-content\/uploads\/2022\/03\/melange_nemeth_web.jpg\" alt=\"Lysann Nemeth\" class=\"wp-image-954\" srcset=\"https:\/\/adorferfrauen.de\/wp-content\/uploads\/2022\/03\/melange_nemeth_web.jpg 500w, https:\/\/adorferfrauen.de\/wp-content\/uploads\/2022\/03\/melange_nemeth_web-300x216.jpg 300w\" sizes=\"auto, (max-width: 500px) 85vw, 500px\" \/><figcaption class=\"wp-element-caption\">Die Ausstellung wird im Kontext der Veranstaltungsreihe \u201eAn die Arbeit\u201c zusammen mit einem Gespr\u00e4ch realisiert. Informationen unter <em><a href=\"https:\/\/www.klub-solitaer.de\/an-die-arbeit\" target=\"_blank\" rel=\"noreferrer noopener\">www.klub-solitaer.de<\/a><\/em><\/figcaption><\/figure>\n<\/div>\n<\/div>\n\n\n\n<div style=\"height:30px\" aria-hidden=\"true\" class=\"wp-block-spacer\"><\/div>\n\n\n\n<p class=\"has-medium-font-size\"><strong>Gespr\u00e4ch und Lesung<\/strong><\/p>\n\n\n\n<div class=\"wp-block-columns alignwide are-vertically-aligned-top is-layout-flex wp-container-core-columns-is-layout-9d6595d7 wp-block-columns-is-layout-flex\">\n<div class=\"wp-block-column is-layout-flow wp-block-column-is-layout-flow\" style=\"flex-basis:54%\">\n<p style=\"font-size:17px\"><em>Der VEB Schirmfabrik Karl-Marx-Stadt richtete 1963 in einer fr\u00fcheren Strumpffabrik in Adorf die Konfektion, die Montage und den Versand von Regenschirmen ein. Es war die einzige Schirmfabrik in der DDR. Etwa 350 Frauen vorwiegend aus Adorf und umliegenden Ortschaften waren dort besch\u00e4ftigt. W\u00e4hrend der 29 Jahre des Bestehens dieses Betriebes wurden ca. 40 Millionen Schirme jeglicher Art hergestellt und in alle Welt verkauft.<\/em><br><br>Seit 2020 betreibe ich eine k\u00fcnstlerische Spurensuche \u00fcber die Arbeit der Frauen im Betriebsteil Adorf. Am 13. Oktober stelle ich Ergebnisse im Rahmen einer Lesung mit Einspielung der H\u00f6rcollagen im Gasthof Adorf vor. Interessierte sind dazu herzlich eingeladen.<br><br><strong>Adorfer Frauen &#8211; Gespr\u00e4ch und Lesung<br>13.Oktober 2021 I 17 Uhr I Gasthof Adorf<\/strong><\/p>\n<\/div>\n\n\n\n<div class=\"wp-block-column is-layout-flow wp-block-column-is-layout-flow\" style=\"flex-basis:46%\">\n<figure class=\"wp-block-image\"><img loading=\"lazy\" decoding=\"async\" width=\"700\" height=\"990\" src=\"https:\/\/adorferfrauen.de\/wp-content\/uploads\/2021\/09\/veranstaltung_web-1.jpg\" alt=\"\" class=\"wp-image-828\" srcset=\"https:\/\/adorferfrauen.de\/wp-content\/uploads\/2021\/09\/veranstaltung_web-1.jpg 700w, https:\/\/adorferfrauen.de\/wp-content\/uploads\/2021\/09\/veranstaltung_web-1-212x300.jpg 212w\" sizes=\"auto, (max-width: 700px) 85vw, 700px\" \/><figcaption class=\"wp-element-caption\"><em>Organisiert vom Verein f\u00fcr Orts- und Heimatgeschichte Adorf \/Erzgebirge<\/em><br><em><br>Gef\u00f6rdert durch die Kulturstiftung des Freistaates Sachsen<\/em><\/figcaption><\/figure>\n<\/div>\n<\/div>\n\n\n\n<div style=\"height:30px\" aria-hidden=\"true\" class=\"wp-block-spacer\"><\/div>\n\n\n\n<p class=\"has-medium-font-size\"><strong>Ein St\u00fcck vergangenes Leben<\/strong><\/p>\n\n\n\n<div class=\"wp-block-columns are-vertically-aligned-center is-layout-flex wp-container-core-columns-is-layout-9d6595d7 wp-block-columns-is-layout-flex\">\n<div class=\"wp-block-column is-layout-flow wp-block-column-is-layout-flow\">\n<figure class=\"wp-block-image size-large\"><img loading=\"lazy\" decoding=\"async\" width=\"1024\" height=\"824\" src=\"https:\/\/adorferfrauen.de\/wp-content\/uploads\/2022\/04\/hansbrinkmann_stadtstreicher_august2020-1024x824.jpg\" alt=\"\" class=\"wp-image-1006\" srcset=\"https:\/\/adorferfrauen.de\/wp-content\/uploads\/2022\/04\/hansbrinkmann_stadtstreicher_august2020-1024x824.jpg 1024w, https:\/\/adorferfrauen.de\/wp-content\/uploads\/2022\/04\/hansbrinkmann_stadtstreicher_august2020-300x242.jpg 300w, https:\/\/adorferfrauen.de\/wp-content\/uploads\/2022\/04\/hansbrinkmann_stadtstreicher_august2020-768x618.jpg 768w, https:\/\/adorferfrauen.de\/wp-content\/uploads\/2022\/04\/hansbrinkmann_stadtstreicher_august2020-1200x966.jpg 1200w, https:\/\/adorferfrauen.de\/wp-content\/uploads\/2022\/04\/hansbrinkmann_stadtstreicher_august2020.jpg 1396w\" sizes=\"auto, (max-width: 709px) 85vw, (max-width: 909px) 67vw, (max-width: 1362px) 62vw, 840px\" \/><figcaption class=\"wp-element-caption\">Hans Brinkmann \/ Stadtstreicher Chemnitz  <em>\/<\/em> August 2020<\/figcaption><\/figure>\n<\/div>\n<\/div>\n\n\n\n<p><\/p>\n","protected":false},"excerpt":{"rendered":"<p>Lob der Arbeit unter dem Regenschirm Differenz und Wiederholung Endkontrolle &#8211; Geschichten aus der einzigen Schirmfabrik der DDR mit Lysann N\u00e9meth, Beitrag von Friederike Teller f\u00fcr Radio T, 08.08.2025 Sachbuch der Woche auf MDR Kultur, Buchbesprechung von Eva Gaeding f\u00fcr MDR Kultur, 26.03.2025 08:40 Uhr &#8211; Sachbuch der Woche: Lysann Nemeth &#8222;Endkontrolle&#8220;&#8222;See the unseen&#8220; &#8211; &hellip; <a href=\"https:\/\/adorferfrauen.de\/?page_id=784\" class=\"more-link\"><span class=\"screen-reader-text\">\u201eAktuelles\u201c <\/span>weiterlesen<\/a><\/p>\n","protected":false},"author":1,"featured_media":0,"parent":0,"menu_order":0,"comment_status":"closed","ping_status":"closed","template":"","meta":{"_metis_text_type":"standard","_metis_text_length":3742,"_post_count":0,"footnotes":""},"class_list":["post-784","page","type-page","status-publish","hentry"],"public_identification_id":"f46cc16a4c16423fab46c12d93c090b4","private_identification_id":"dfce375b6ceb4870a4f714292d3fff1e","_links":{"self":[{"href":"https:\/\/adorferfrauen.de\/index.php?rest_route=\/wp\/v2\/pages\/784","targetHints":{"allow":["GET"]}}],"collection":[{"href":"https:\/\/adorferfrauen.de\/index.php?rest_route=\/wp\/v2\/pages"}],"about":[{"href":"https:\/\/adorferfrauen.de\/index.php?rest_route=\/wp\/v2\/types\/page"}],"author":[{"embeddable":true,"href":"https:\/\/adorferfrauen.de\/index.php?rest_route=\/wp\/v2\/users\/1"}],"replies":[{"embeddable":true,"href":"https:\/\/adorferfrauen.de\/index.php?rest_route=%2Fwp%2Fv2%2Fcomments&post=784"}],"version-history":[{"count":74,"href":"https:\/\/adorferfrauen.de\/index.php?rest_route=\/wp\/v2\/pages\/784\/revisions"}],"predecessor-version":[{"id":1698,"href":"https:\/\/adorferfrauen.de\/index.php?rest_route=\/wp\/v2\/pages\/784\/revisions\/1698"}],"wp:attachment":[{"href":"https:\/\/adorferfrauen.de\/index.php?rest_route=%2Fwp%2Fv2%2Fmedia&parent=784"}],"curies":[{"name":"wp","href":"https:\/\/api.w.org\/{rel}","templated":true}]}}