{"id":523,"date":"2020-12-28T14:33:08","date_gmt":"2020-12-28T14:33:08","guid":{"rendered":"https:\/\/adorferfrauen.de\/?page_id=523"},"modified":"2024-06-01T12:16:03","modified_gmt":"2024-06-01T12:16:03","slug":"dank","status":"publish","type":"page","link":"https:\/\/adorferfrauen.de\/?page_id=523","title":{"rendered":"Dank"},"content":{"rendered":"\n<p>Ich danke meinen Gespr\u00e4chspartner\/innen: <strong>Christine Arndt, Karin Arnold, Liane Aurich, Hartmut Dietz, Beatrice Geyer, Karin Hielscher, Volker Hildmann, Monika Lehmann, Monika Loos, Sonja Munzert, Huynh Hoa Nguyen, Hella Schindler, Hanna Speck, Eberhard Strangfeld, Thea Stritzke, Ingrid Uhlig, Kristin Uhlig, Rosemarie Uhlmann, Ruth Wei\u00dfbach <\/strong><br><br>dem Verein f\u00fcr <strong>Orts- und Heimatgeschichte Adorf\/Erzgeb. e.V.<\/strong> f\u00fcr das Zurverf\u00fcgungstellen der R\u00e4umlichkeiten und der Archivmaterialien<\/p>\n\n\n\n<p><strong>Uwe M\u00fchlberg<\/strong> f\u00fcr das Lektorieren der Texte und seiner nimmer endenden Euphorie in das Projekt<br><br>der <strong>Kulturstiftung des Freistaates Sachsen<\/strong> f\u00fcr das Gew\u00e4hren eines  sechsmonatigen Arbeitsstipendiums im Jahr 2021 <\/p>\n\n\n\n<p>der <strong>Stiftung Kunstfonds<\/strong> f\u00fcr ein sechsmonatiges Arbeitsstipendium im Rahmen von Neustart Kultur im Jahr 2022. <br><\/p>\n\n\n\n<div class=\"wp-block-columns is-not-stacked-on-mobile is-layout-flex wp-container-core-columns-is-layout-9d6595d7 wp-block-columns-is-layout-flex\">\n<div class=\"wp-block-column is-layout-flow wp-block-column-is-layout-flow\" style=\"flex-basis:500px\">\n<div class=\"wp-block-columns is-layout-flex wp-container-core-columns-is-layout-9d6595d7 wp-block-columns-is-layout-flex\">\n<div class=\"wp-block-column is-layout-flow wp-block-column-is-layout-flow\" style=\"flex-basis:100%\">\n<div class=\"wp-block-columns is-layout-flex wp-container-core-columns-is-layout-9d6595d7 wp-block-columns-is-layout-flex\">\n<div class=\"wp-block-column is-layout-flow wp-block-column-is-layout-flow\" style=\"flex-basis:500px\">\n<figure class=\"wp-block-image size-full is-resized\"><img loading=\"lazy\" decoding=\"async\" width=\"850\" height=\"208\" src=\"https:\/\/adorferfrauen.de\/wp-content\/uploads\/2021\/08\/KDFS_LogoWappenText_2020_.jpg\" alt=\"\" class=\"wp-image-789\" style=\"width:313px;height:76px\" srcset=\"https:\/\/adorferfrauen.de\/wp-content\/uploads\/2021\/08\/KDFS_LogoWappenText_2020_.jpg 850w, https:\/\/adorferfrauen.de\/wp-content\/uploads\/2021\/08\/KDFS_LogoWappenText_2020_-300x73.jpg 300w, https:\/\/adorferfrauen.de\/wp-content\/uploads\/2021\/08\/KDFS_LogoWappenText_2020_-768x188.jpg 768w\" sizes=\"auto, (max-width: 709px) 85vw, (max-width: 909px) 67vw, (max-width: 1362px) 62vw, 840px\" \/><\/figure>\n<\/div>\n<\/div>\n<\/div>\n<\/div>\n<\/div>\n\n\n\n<div class=\"wp-block-column is-layout-flow wp-block-column-is-layout-flow\" style=\"flex-basis:500px\">\n<div class=\"wp-block-columns is-layout-flex wp-container-core-columns-is-layout-9d6595d7 wp-block-columns-is-layout-flex\">\n<div class=\"wp-block-column is-layout-flow wp-block-column-is-layout-flow\">\n<div class=\"wp-block-columns is-layout-flex wp-container-core-columns-is-layout-9d6595d7 wp-block-columns-is-layout-flex\">\n<div class=\"wp-block-column is-vertically-aligned-center is-layout-flow wp-block-column-is-layout-flow\">\n<figure class=\"wp-block-image size-large\"><img loading=\"lazy\" decoding=\"async\" width=\"1024\" height=\"142\" src=\"https:\/\/adorferfrauen.de\/wp-content\/uploads\/2022\/06\/KF-Logo_monochrom-1024x142.jpg\" alt=\"\" class=\"wp-image-1043\" srcset=\"https:\/\/adorferfrauen.de\/wp-content\/uploads\/2022\/06\/KF-Logo_monochrom-1024x142.jpg 1024w, https:\/\/adorferfrauen.de\/wp-content\/uploads\/2022\/06\/KF-Logo_monochrom-300x42.jpg 300w, https:\/\/adorferfrauen.de\/wp-content\/uploads\/2022\/06\/KF-Logo_monochrom-768x107.jpg 768w, https:\/\/adorferfrauen.de\/wp-content\/uploads\/2022\/06\/KF-Logo_monochrom-1536x214.jpg 1536w, https:\/\/adorferfrauen.de\/wp-content\/uploads\/2022\/06\/KF-Logo_monochrom-1200x167.jpg 1200w, https:\/\/adorferfrauen.de\/wp-content\/uploads\/2022\/06\/KF-Logo_monochrom.jpg 1920w\" sizes=\"auto, (max-width: 709px) 85vw, (max-width: 909px) 67vw, (max-width: 1362px) 62vw, 840px\" \/><\/figure>\n<\/div>\n\n\n\n<div class=\"wp-block-column is-layout-flow wp-block-column-is-layout-flow\">\n<figure class=\"wp-block-image size-large is-resized\"><img loading=\"lazy\" decoding=\"async\" width=\"1024\" height=\"1002\" src=\"https:\/\/adorferfrauen.de\/wp-content\/uploads\/2022\/06\/BKM_Neustart_Kultur_Wortmarke_pos_CMYK_RZ-1024x1002.jpg\" alt=\"\" class=\"wp-image-1042\" style=\"width:100px;height:98px\" srcset=\"https:\/\/adorferfrauen.de\/wp-content\/uploads\/2022\/06\/BKM_Neustart_Kultur_Wortmarke_pos_CMYK_RZ-1024x1002.jpg 1024w, https:\/\/adorferfrauen.de\/wp-content\/uploads\/2022\/06\/BKM_Neustart_Kultur_Wortmarke_pos_CMYK_RZ-300x294.jpg 300w, https:\/\/adorferfrauen.de\/wp-content\/uploads\/2022\/06\/BKM_Neustart_Kultur_Wortmarke_pos_CMYK_RZ-768x752.jpg 768w, https:\/\/adorferfrauen.de\/wp-content\/uploads\/2022\/06\/BKM_Neustart_Kultur_Wortmarke_pos_CMYK_RZ-1200x1175.jpg 1200w, https:\/\/adorferfrauen.de\/wp-content\/uploads\/2022\/06\/BKM_Neustart_Kultur_Wortmarke_pos_CMYK_RZ.jpg 1323w\" sizes=\"auto, (max-width: 709px) 85vw, (max-width: 909px) 67vw, (max-width: 1362px) 62vw, 840px\" \/><\/figure>\n<\/div>\n<\/div>\n<\/div>\n<\/div>\n<\/div>\n<\/div>\n","protected":false},"excerpt":{"rendered":"<p>Ich danke meinen Gespr\u00e4chspartner\/innen: Christine Arndt, Karin Arnold, Liane Aurich, Hartmut Dietz, Beatrice Geyer, Karin Hielscher, Volker Hildmann, Monika Lehmann, Monika Loos, Sonja Munzert, Huynh Hoa Nguyen, Hella Schindler, Hanna Speck, Eberhard Strangfeld, Thea Stritzke, Ingrid Uhlig, Kristin Uhlig, Rosemarie Uhlmann, Ruth Wei\u00dfbach dem Verein f\u00fcr Orts- und Heimatgeschichte Adorf\/Erzgeb. e.V. f\u00fcr das Zurverf\u00fcgungstellen der &hellip; <a href=\"https:\/\/adorferfrauen.de\/?page_id=523\" class=\"more-link\"><span class=\"screen-reader-text\">\u201eDank\u201c <\/span>weiterlesen<\/a><\/p>\n","protected":false},"author":1,"featured_media":0,"parent":0,"menu_order":0,"comment_status":"closed","ping_status":"closed","template":"","meta":{"_metis_text_type":"standard","_metis_text_length":789,"_post_count":0,"footnotes":""},"class_list":["post-523","page","type-page","status-publish","hentry"],"_links":{"self":[{"href":"https:\/\/adorferfrauen.de\/index.php?rest_route=\/wp\/v2\/pages\/523","targetHints":{"allow":["GET"]}}],"collection":[{"href":"https:\/\/adorferfrauen.de\/index.php?rest_route=\/wp\/v2\/pages"}],"about":[{"href":"https:\/\/adorferfrauen.de\/index.php?rest_route=\/wp\/v2\/types\/page"}],"author":[{"embeddable":true,"href":"https:\/\/adorferfrauen.de\/index.php?rest_route=\/wp\/v2\/users\/1"}],"replies":[{"embeddable":true,"href":"https:\/\/adorferfrauen.de\/index.php?rest_route=%2Fwp%2Fv2%2Fcomments&post=523"}],"version-history":[{"count":32,"href":"https:\/\/adorferfrauen.de\/index.php?rest_route=\/wp\/v2\/pages\/523\/revisions"}],"predecessor-version":[{"id":1530,"href":"https:\/\/adorferfrauen.de\/index.php?rest_route=\/wp\/v2\/pages\/523\/revisions\/1530"}],"wp:attachment":[{"href":"https:\/\/adorferfrauen.de\/index.php?rest_route=%2Fwp%2Fv2%2Fmedia&parent=523"}],"curies":[{"name":"wp","href":"https:\/\/api.w.org\/{rel}","templated":true}]}}