{"id":197,"date":"2020-03-20T13:57:16","date_gmt":"2020-03-20T13:57:16","guid":{"rendered":"http:\/\/adorferfrauen.de\/?page_id=197"},"modified":"2025-03-07T11:53:51","modified_gmt":"2025-03-07T11:53:51","slug":"home","status":"publish","type":"page","link":"https:\/\/adorferfrauen.de\/?page_id=197","title":{"rendered":"Hintergrund"},"content":{"rendered":"\n<figure class=\"wp-block-image size-large is-resized\"><img loading=\"lazy\" decoding=\"async\" width=\"778\" height=\"1024\" src=\"http:\/\/adorferfrauen.de\/wp-content\/uploads\/2020\/03\/AnkunftdesRobert2-778x1024.jpg\" alt=\"\" class=\"wp-image-172\" style=\"width:369px;height:485px\" srcset=\"https:\/\/adorferfrauen.de\/wp-content\/uploads\/2020\/03\/AnkunftdesRobert2-778x1024.jpg 778w, https:\/\/adorferfrauen.de\/wp-content\/uploads\/2020\/03\/AnkunftdesRobert2-228x300.jpg 228w, https:\/\/adorferfrauen.de\/wp-content\/uploads\/2020\/03\/AnkunftdesRobert2-768x1011.jpg 768w, https:\/\/adorferfrauen.de\/wp-content\/uploads\/2020\/03\/AnkunftdesRobert2-1167x1536.jpg 1167w, https:\/\/adorferfrauen.de\/wp-content\/uploads\/2020\/03\/AnkunftdesRobert2.jpg 1181w\" sizes=\"auto, (max-width: 778px) 85vw, 778px\" \/><figcaption class=\"wp-element-caption\"> Ankunft des Robert, Installation, Lysann N\u00e9meth, 2011, Chemnitz  <\/figcaption><\/figure>\n\n\n\n<p>Seit 2011 finde ich in der Landschaft herumliegende Regenschirme. Die  Auffindsituationen lassen vermuten, dass die Besitzer ihre Schirme  weggeworfen haben oder der Sturm sie ihnen aus der Hand nahm. Weitere  Indizien daf\u00fcr sind, das alle von den mitgenommenen Schirmen kaputte  Streben aufweisen, sie funktionieren nicht mehr, lassen sich nicht  aufspannen, nicht schlie\u00dfen \u2013 sie k\u00f6nnen ihre vorgesehene Funktion nicht  mehr erf\u00fcllen. Einst sch\u00fctzten die Schirme ihre Besitzer vor widrigem  Wetter, nun liegen sie ausgedient in der Landschaft und erinnern an  Bl\u00fcten. Bevor ich sie ihrer Umgebung entnehme, dokumentiere ich den  Fundort. Im Atelier n\u00e4herte ich mich Ihnen mit einer Reihe von  Zeichnungen, arbeitete mit \u201eassoziativem\u201c Material, dem Kunstharz.  Assoziativ, weil ich an Insekten in Bernstein denken musste. Zwischen  den H\u00e4userh\u00e4lften des Atelierhauses A102 installierte ich einen  \u00fcberdimensional gro\u00dfen Schirm. Das Haus, welches urspr\u00fcnglich abgerissen  werden sollte, beherbergt mittlerweile Ateliers, Prober\u00e4ume, ein  Fotostudio, Galerie, Bar, Imbiss. Ich sah zwischen Abriss \u2013 Bewahren,  Wegwerfen &#8211; Aufheben einen Zusammenhang.  <\/p>\n\n\n\n<p>Die Heimatlosen stellen einen phonetischen Bezug zu den Herbstzeitlosen,  einem Liliengew\u00e4chs, welches von September bis Oktober als Sp\u00e4tbl\u00fcher  den Winter ank\u00fcndigt, dar. Heimatlos beschreibt einen Zustand. Die  meisten der bisher gefundenen Schirme wurden billig hergestellt, um  g\u00fcnstig verkauft zu werden. Sie wurden f\u00fcr Kurzlebigkeit produziert,  sind austauschbar und heimatlos. <\/p>\n\n\n\n<p>Letztes Jahr begann ich mit Videoaufnahmen, die ich als Skizze betrachte. Sie dokumentieren Arbeitsprozesse. Ich zerlege die Fundst\u00fccke in ihre Einzelteile. Ich sortiere sie, wasche den Bezug und b\u00fcgle ihn. Es sind T\u00e4tigkeiten, die m\u00f6glicherweise bei der Produktion eines Schirmes stattfinden k\u00f6nnten. Ich drehe das Ganze und betreibe ein Ritual des vergeblichen Handelns. <\/p>\n\n\n\n<p>Durch einen Zufall erfuhr ich, dass es in Karl-Marx-Stadt\/Chemnitz bis 1992 eine Schirmfabrik gab. Ich beschlie\u00dfe, mich intensiver auf Spurensuche zu begeben. <\/p>\n\n\n\n<p>Anfang Dezember 2019 recherchierte ich nach Material im Stadtarchiv  Chemnitz.  Die Datenbank zeigte eine Trefferquote von 40 Stichpunkten  bei Eingabe des Begriffes \u201eSchirmfabrik\u201c in die Suchmaske. Die  Sachbearbeiterin  wollte wissen, ob ich f\u00fcr eine wissenschaftliche  Arbeit nachfrage. Sie empfahl mir, mich an das Staatsarchiv Chemnitz zu  wenden, dort seien die ehemaligen VEBs archiviert und ich w\u00fcrde einiges mehr zum VEB Schirmfabrik Karl-Marx-Stadt finden.  <\/p>\n\n\n\n<p>Seitdem betreibe ich eine Materialsammlung. Ich nutze ein Buch, um  Notizen tagebuch\u00e4hnlich festzuhalten.  Ich ver\u00f6ffentliche diese Notizen  unter dem Titel <em>Adorfer Frauen \u2013 eine Spurensicherung<\/em> in diesem Blog.   <\/p>\n\n\n\n<p><em>Die Bezeichnung Adorfer Frauen steht f\u00fcr mich stellvertretend f\u00fcr alle Arbeiter\/innen des VEB Schirmfabrik Karl-Marx-Stadt, die mit ihrem unz\u00e4hligen Hin- und Herlaufen, ihrer Kunstfertigkeit, ihrem Erfindergeist und ihrer Sch\u00f6pferkraft, die Produkte hergestellt haben. In Adorf befand sich die Konfektionierung. Die Schirme erhielten dort ihr vollst\u00e4ndiges Kleid, um sp\u00e4ter einmal ausgef\u00fchrt zu werden.<\/em><br><\/p>\n","protected":false},"excerpt":{"rendered":"<p>Seit 2011 finde ich in der Landschaft herumliegende Regenschirme. Die Auffindsituationen lassen vermuten, dass die Besitzer ihre Schirme weggeworfen haben oder der Sturm sie ihnen aus der Hand nahm. Weitere Indizien daf\u00fcr sind, das alle von den mitgenommenen Schirmen kaputte Streben aufweisen, sie funktionieren nicht mehr, lassen sich nicht aufspannen, nicht schlie\u00dfen \u2013 sie k\u00f6nnen &hellip; <a href=\"https:\/\/adorferfrauen.de\/?page_id=197\" class=\"more-link\"><span class=\"screen-reader-text\">\u201eHintergrund\u201c <\/span>weiterlesen<\/a><\/p>\n","protected":false},"author":1,"featured_media":0,"parent":0,"menu_order":0,"comment_status":"closed","ping_status":"closed","template":"","meta":{"_metis_text_type":"standard","_metis_text_length":3187,"_post_count":0,"footnotes":""},"class_list":["post-197","page","type-page","status-publish","hentry"],"public_identification_id":"6e94043918c24684922b2bac779546e2","private_identification_id":"dd7cb5cb9c3148d083634bec58584887","_links":{"self":[{"href":"https:\/\/adorferfrauen.de\/index.php?rest_route=\/wp\/v2\/pages\/197","targetHints":{"allow":["GET"]}}],"collection":[{"href":"https:\/\/adorferfrauen.de\/index.php?rest_route=\/wp\/v2\/pages"}],"about":[{"href":"https:\/\/adorferfrauen.de\/index.php?rest_route=\/wp\/v2\/types\/page"}],"author":[{"embeddable":true,"href":"https:\/\/adorferfrauen.de\/index.php?rest_route=\/wp\/v2\/users\/1"}],"replies":[{"embeddable":true,"href":"https:\/\/adorferfrauen.de\/index.php?rest_route=%2Fwp%2Fv2%2Fcomments&post=197"}],"version-history":[{"count":15,"href":"https:\/\/adorferfrauen.de\/index.php?rest_route=\/wp\/v2\/pages\/197\/revisions"}],"predecessor-version":[{"id":1651,"href":"https:\/\/adorferfrauen.de\/index.php?rest_route=\/wp\/v2\/pages\/197\/revisions\/1651"}],"wp:attachment":[{"href":"https:\/\/adorferfrauen.de\/index.php?rest_route=%2Fwp%2Fv2%2Fmedia&parent=197"}],"curies":[{"name":"wp","href":"https:\/\/api.w.org\/{rel}","templated":true}]}}